{"id":99,"date":"2026-02-05T17:55:05","date_gmt":"2026-02-05T16:55:05","guid":{"rendered":"https:\/\/www.bsv-kremstal.at\/?page_id=99"},"modified":"2026-02-05T18:00:43","modified_gmt":"2026-02-05T17:00:43","slug":"visual-composer-99","status":"publish","type":"page","link":"https:\/\/www.bsv-kremstal.at\/?page_id=99","title":{"rendered":""},"content":{"rendered":"<div class=\"vce-row-container\" data-vce-boxed-width=\"true\"><div class=\"vce-row vce-row--col-gap-30 vce-row-equal-height vce-row-content--top\" id=\"el-93b424a9\" data-vce-do-apply=\"all el-93b424a9\"><div class=\"vce-row-content\" data-vce-element-content=\"true\"><div class=\"vce-col vce-col--md-auto vce-col--xs-1 vce-col--xs-last vce-col--xs-first vce-col--sm-last vce-col--sm-first vce-col--md-last vce-col--lg-last vce-col--xl-last vce-col--md-first vce-col--lg-first vce-col--xl-first\" id=\"el-d70d49fd\"><div class=\"vce-col-inner\" data-vce-do-apply=\"border margin background  el-d70d49fd\"><div class=\"vce-col-content\" data-vce-element-content=\"true\" data-vce-do-apply=\"padding el-d70d49fd\"><div class=\"vce-text-block\"><div class=\"vce-text-block-wrapper vce\" id=\"el-15c1c9b6\" data-vce-do-apply=\"all el-15c1c9b6\"><p><span style=\"font-weight: 400; font-style: normal; font-family: inherit;\"><strong>Impressum<\/strong><br>Informationspflicht laut \u00a75 E-Commerce Gesetz, \u00a714 Unternehmensgesetzbuch, \u00a763 Gewerbeordnung und Offenlegungspflicht laut \u00a725 Mediengesetz.<\/span><\/p><p>BSV Kremstal<br>ZVR: 477504276<br>G\u00f6ritz 42<br>4542 Nu\u00dfbach<br>\u00d6sterreich<\/p><p>Organschaftliche Vertreter<br>Obmann\/Obfrau: Peter Dutzler<br>Obmann\/Obfrau Stellvertreter: Hans Peter Margesin<\/p><p>Vereinssitz: 4542 Nu\u00dfbach<br>Tel.: 0664\/88430017<br>Fax: <br>E-Mail: office@bsv-kremstal.at<\/p><p>Vereinszweck:<br>Vereinszweck:<br>Der Verein, dessen T\u00e4tigkeit gemeinn\u00fctzig im Sinne<br>der Bundesabgabenordnung und nicht auf Gewinn ausgerichtet<br>ist, bezweckt:<br>a) Die gemeinsame Sportaus\u00fcbung, im speziellen Bogensport.<br>b) Die Sportaus\u00fcbung im Allgemeinen und im speziellen<br>Bogenschie\u00dfen vielen Menschen zug\u00e4nglich zu machen.<br>c) Die Teilnahme an und Durchf\u00fchrung von Turnieren und<br>Meisterschaften.<br>d) Die F\u00f6rderung von sportlichen Aktivit\u00e4ten, insbesondere<br>des Bogensports, sowie der F\u00f6rderung zwischenmenschlicher Kommunikation,<br>e) Vernetzung der Vereinsmitglieder und an Sport\/Bogensport interessierten Menschen.<br>f) Erhaltung und Pflege der vereinseigenen Bogensportanlage\/n.<br>g) Abhaltung von Veranstaltungen und Aktivit\u00e4ten, die der Erreichung des Vereinszwecks f\u00f6rderlich sind.Kontaktdaten des Verantwortlichen f\u00fcr Datenschutz<\/p><p>Sollten Sie Fragen zum Datenschutz haben, finden Sie nachfolgend die Kontaktdaten der verantwortlichen Person bzw. Stelle:<br>Vertretungsberechtigt: Franz Ammer E-Mail-Adresse: schriftfuehrer@bsv-kremstal.at<\/p><p><span style=\"font-weight: 400; font-style: normal; font-family: inherit;\">EU-Streitschlichtung<br>Gem\u00e4\u00df Verordnung \u00fcber Online-Streitbeilegung in Verbraucherangelegenheiten (ODR-Verordnung) m\u00f6chten wir Sie \u00fcber die Online-Streitbeilegungsplattform (OS-Plattform) informieren.<br>Verbraucher haben die M\u00f6glichkeit, Beschwerden an die Online Streitbeilegungsplattform der Europ\u00e4ischen Kommission unter http:\/\/ec.europa.eu\/odr?tid=121890433 zu richten. Die daf\u00fcr notwendigen Kontaktdaten finden Sie oberhalb in unserem Impressum.<\/span><\/p><p>Wir m\u00f6chten Sie jedoch darauf hinweisen, dass wir nicht bereit oder verpflichtet sind, an Streitbeilegungsverfahren vor einer Verbraucherschlichtungsstelle teilzunehmen.<br>Haftung f\u00fcr Inhalte dieser Website<br>Wir entwickeln die Inhalte dieser Website st\u00e4ndig weiter und bem\u00fchen uns korrekte und aktuelle Informationen bereitzustellen. Leider k\u00f6nnen wir keine Haftung f\u00fcr die Korrektheit aller Inhalte auf dieser Website \u00fcbernehmen, speziell f\u00fcr jene, die seitens Dritter bereitgestellt wurden. Als Diensteanbieter sind wir nicht verpflichtet, die von ihnen \u00fcbermittelten oder gespeicherten Informationen zu \u00fcberwachen oder nach Umst\u00e4nden zu forschen, die auf eine rechtswidrige T\u00e4tigkeit hinweisen.<br>Unsere Verpflichtungen zur Entfernung von Informationen oder zur Sperrung der Nutzung von Informationen nach den allgemeinen Gesetzen aufgrund von gerichtlichen oder beh\u00f6rdlichen Anordnungen bleiben auch im Falle unserer Nichtverantwortlichkeit davon unber\u00fchrt.<br>Sollten Ihnen problematische oder rechtswidrige Inhalte auffallen, bitte wir Sie uns umgehend zu kontaktieren, damit wir die rechtswidrigen Inhalte entfernen k\u00f6nnen. Sie finden die Kontaktdaten im Impressum.<br>Haftung f\u00fcr Links auf dieser Website<br>Unsere Website enth\u00e4lt Links zu anderen Websites f\u00fcr deren Inhalt wir nicht verantwortlich sind. Haftung f\u00fcr verlinkte Websites besteht f\u00fcr uns nicht, da wir keine Kenntnis rechtswidriger T\u00e4tigkeiten hatten und haben, uns solche Rechtswidrigkeiten auch bisher nicht aufgefallen sind und wir Links sofort entfernen w\u00fcrden, wenn uns Rechtswidrigkeiten bekannt werden.<br>Wenn Ihnen rechtswidrige Links auf unserer Website auffallen, bitte wir Sie uns zu kontaktieren. Sie finden die Kontaktdaten im Impressum.<\/p><p>Urheberrechtshinweis<br>Alle Inhalte dieser Webseite (Bilder, Fotos, Texte, Videos) unterliegen dem Urheberrecht. Bitte fragen Sie uns bevor Sie die Inhalte dieser Website verbreiten, vervielf\u00e4ltigen oder verwerten wie zum Beispiel auf anderen Websites erneut ver\u00f6ffentlichen. Falls notwendig, werden wir die unerlaubte Nutzung von Teilen der Inhalte unserer Seite rechtlich verfolgen.<br>Sollten Sie auf dieser Webseite Inhalte finden, die das Urheberrecht verletzen, bitten wir Sie uns zu kontaktieren.<\/p><p>Bildernachweis<br>Die Bilder, Fotos und Grafiken auf dieser Webseite sind urheberrechtlich gesch\u00fctzt.<br>Die Bilderrechte liegen bei den folgenden Fotografen und Unternehmen:<\/p><ul><li><span style=\"font-weight: 400; font-style: normal; font-family: verdana, geneva, sans-serif;\">BSV Kremstal<\/span><\/li><\/ul><p><span style=\"font-weight: 400; font-style: normal; font-family: verdana, geneva, sans-serif;\">Alle Texte sind urheberrechtlich gesch\u00fctzt.<\/span><\/p><p>Quelle: Erstellt mit dem Impressum Generator von AdSimple<\/p><p><span style=\"font-weight: 400; font-style: normal; font-family: verdana, geneva, sans-serif;\">https:\/\/www.adsimple.at\/impressum-generator\/<\/span><\/p><\/div><\/div><\/div><\/div><\/div><\/div><\/div><\/div>\n","protected":false},"excerpt":{"rendered":"<p>ImpressumInformationspflicht laut \u00a75 E-Commerce Gesetz, \u00a714 Unternehmensgesetzbuch, \u00a763 Gewerbeordnung und Offenlegungspflicht laut \u00a725 Mediengesetz.BSV KremstalZVR: 477504276G\u00f6ritz 424542 Nu\u00dfbach\u00d6sterreichOrganschaftliche VertreterObmann\/Obfrau: Peter DutzlerObmann\/Obfrau Stellvertreter: Hans Peter MargesinVereinssitz: &hellip; <\/p>\n","protected":false},"author":1,"featured_media":0,"parent":0,"menu_order":0,"comment_status":"closed","ping_status":"closed","template":"","meta":{"footnotes":""},"class_list":["post-99","page","type-page","status-publish","hentry"],"_links":{"self":[{"href":"https:\/\/www.bsv-kremstal.at\/index.php?rest_route=\/wp\/v2\/pages\/99","targetHints":{"allow":["GET"]}}],"collection":[{"href":"https:\/\/www.bsv-kremstal.at\/index.php?rest_route=\/wp\/v2\/pages"}],"about":[{"href":"https:\/\/www.bsv-kremstal.at\/index.php?rest_route=\/wp\/v2\/types\/page"}],"author":[{"embeddable":true,"href":"https:\/\/www.bsv-kremstal.at\/index.php?rest_route=\/wp\/v2\/users\/1"}],"replies":[{"embeddable":true,"href":"https:\/\/www.bsv-kremstal.at\/index.php?rest_route=%2Fwp%2Fv2%2Fcomments&post=99"}],"version-history":[{"count":4,"href":"https:\/\/www.bsv-kremstal.at\/index.php?rest_route=\/wp\/v2\/pages\/99\/revisions"}],"predecessor-version":[{"id":105,"href":"https:\/\/www.bsv-kremstal.at\/index.php?rest_route=\/wp\/v2\/pages\/99\/revisions\/105"}],"wp:attachment":[{"href":"https:\/\/www.bsv-kremstal.at\/index.php?rest_route=%2Fwp%2Fv2%2Fmedia&parent=99"}],"curies":[{"name":"wp","href":"https:\/\/api.w.org\/{rel}","templated":true}]}}