{"id":83,"date":"2026-02-05T17:19:34","date_gmt":"2026-02-05T16:19:34","guid":{"rendered":"https:\/\/www.bsv-kremstal.at\/?page_id=83"},"modified":"2026-03-28T19:26:57","modified_gmt":"2026-03-28T18:26:57","slug":"home","status":"publish","type":"page","link":"https:\/\/www.bsv-kremstal.at\/","title":{"rendered":""},"content":{"rendered":"<div class=\"vce-row-container\" data-vce-boxed-width=\"true\"><div class=\"vce-row vce-row--has-col-background vce-row--col-gap-30 vce-row-equal-height vce-row-content--top\" id=\"el-452f2a97\" data-vce-do-apply=\"all el-452f2a97\"><div class=\"vce-content-background-container\"><\/div><div class=\"vce-row-content\" data-vce-element-content=\"true\"><div class=\"vce-col vce-element--has-background vce-col--md-auto vce-col--xs-1 vce-col--xs-last vce-col--xs-first vce-col--sm-last vce-col--sm-first vce-col--md-first vce-col--lg-first vce-col--xl-first\" id=\"el-78fb1cf5\"><div class=\"vce-col-inner\" data-vce-do-apply=\"border margin background  el-78fb1cf5\" vce-box-shadow=\"el-78fb1cf5\"><div class=\"vce-content-background-container\"><\/div><div class=\"vce-col-content\" data-vce-element-content=\"true\" data-vce-do-apply=\"padding el-78fb1cf5\"><div class=\"vce-text-block\"><div class=\"vce-text-block-wrapper vce\" id=\"el-9553a3d1\" data-vce-do-apply=\"all el-9553a3d1\"><h2 style=\"text-align: center;\"><span style=\"font-size: 18pt;\"><strong><span style=\"color: #ff0000;\">Wichtiges<\/span><\/strong><\/span><\/h2><p style=\"text-align: center;\"><span style=\"color: #ff0000;\"><strong>ACHTUNG PARCOURSSPERRE am OSTERMONTAG, 06.04.2026 auf Grund unseres schon traditionellen Ostereiturnieres. Wir freuen uns auf alle Teilnehmer.<\/strong><\/span><\/p><p><img loading=\"lazy\" decoding=\"async\" class=\"size-medium wp-image-290 aligncenter\" src=\"https:\/\/www.bsv-kremstal.at\/wp-content\/uploads\/2026\/03\/Screenshot-2026-03-28-192159-300x120.png\" alt=\"\" width=\"300\" height=\"120\" data-wp-editing=\"1\" srcset=\"https:\/\/www.bsv-kremstal.at\/wp-content\/uploads\/2026\/03\/Screenshot-2026-03-28-192159-300x120.png 300w, https:\/\/www.bsv-kremstal.at\/wp-content\/uploads\/2026\/03\/Screenshot-2026-03-28-192159-320x128.png 320w, https:\/\/www.bsv-kremstal.at\/wp-content\/uploads\/2026\/03\/Screenshot-2026-03-28-192159-480x191.png 480w, https:\/\/www.bsv-kremstal.at\/wp-content\/uploads\/2026\/03\/Screenshot-2026-03-28-192159.png 670w\" sizes=\"auto, (max-width: 300px) 100vw, 300px\" \/><\/p><p style=\"text-align: center;\"><span style=\"color: #ff0000;\"><strong>Parcoursarbeiten vorzeitig beendet und wieder f\u00fcr Jedermann\/Frau begehbar<\/strong><\/span><\/p><p><img loading=\"lazy\" decoding=\"async\" class=\"size-medium wp-image-288 aligncenter\" src=\"https:\/\/www.bsv-kremstal.at\/wp-content\/uploads\/2026\/03\/Parcour-1-300x225.jpg\" alt=\"\" width=\"300\" height=\"225\" srcset=\"https:\/\/www.bsv-kremstal.at\/wp-content\/uploads\/2026\/03\/Parcour-1-300x225.jpg 300w, https:\/\/www.bsv-kremstal.at\/wp-content\/uploads\/2026\/03\/Parcour-1-768x576.jpg 768w, https:\/\/www.bsv-kremstal.at\/wp-content\/uploads\/2026\/03\/Parcour-1-320x240.jpg 320w, https:\/\/www.bsv-kremstal.at\/wp-content\/uploads\/2026\/03\/Parcour-1-480x360.jpg 480w, https:\/\/www.bsv-kremstal.at\/wp-content\/uploads\/2026\/03\/Parcour-1-800x600.jpg 800w, https:\/\/www.bsv-kremstal.at\/wp-content\/uploads\/2026\/03\/Parcour-1.jpg 1000w\" sizes=\"auto, (max-width: 300px) 100vw, 300px\" \/><\/p><p style=\"text-align: center;\"><span style=\"color: #ff0000;\"><strong>ACHTUNG PARCOURSSPERRE<\/strong><\/span><\/p><p style=\"text-align: center;\"><span style=\"color: #ff0000;\"><strong>Der Parcours ist wegen Umbauarbeiten von Freitag, 27.03.2026 bis einschlie\u00dflich Sonntag, 29.03.2026 GESPERRT! Danke f\u00fcr euer Verst\u00e4ndnis!<\/strong><\/span><\/p><p><strong>06.April 2026<\/strong><br>13. Ostereiturnier -&nbsp; <span style=\"color: #ff0000;\"><a style=\"color: #ff0000;\" href=\"https:\/\/www.3dturnier.com\/de\/tournament\/ZNxbkTi6ar\" target=\"_blank\" rel=\"noopener\">Anmeldung offen&nbsp;<\/a><\/span><\/p><p><strong>11. -12. Juli 2026<\/strong><br>\u00d6M Jugend WA 3D und WA Feld - Anmeldung offen<br><span style=\"color: #ff0000;\"><a style=\"color: #ff0000;\" href=\"https:\/\/www.3dturnier.com\/de\/tournament\/1gHLF30fTn\" target=\"_blank\" rel=\"noopener\">WA 3D<\/a><\/span>&nbsp; &nbsp; <span style=\"color: #ff0000;\"><a style=\"color: #ff0000;\" href=\"https:\/\/www.3dturnier.com\/de\/tournament\/0DBBlMKP0t\" target=\"_blank\" rel=\"noopener\">WA Feld<\/a><\/span><\/p><p><strong>26. September 2026<\/strong><br>AAA Cup und O\u00d6M AAA 3-D <span style=\"color: #ff0000;\"><a style=\"color: #ff0000;\" href=\"https:\/\/www.3dturnier.com\/de\/tournament\/xbmSXyUYt5\" target=\"_blank\" rel=\"noopener\">Anmeldung offen<\/a><\/span><\/p><\/div><\/div><\/div><\/div><\/div><div class=\"vce-col vce-element--has-background vce-col--md-auto vce-col--xs-1 vce-col--xs-last vce-col--xs-first vce-col--sm-last vce-col--sm-first vce-col--md-last vce-col--lg-last vce-col--xl-last\" id=\"el-5e74d309\"><div class=\"vce-col-inner\" data-vce-do-apply=\"border margin background  el-5e74d309\" vce-box-shadow=\"el-5e74d309\"><div class=\"vce-content-background-container\"><\/div><div class=\"vce-col-content\" data-vce-element-content=\"true\" data-vce-do-apply=\"padding el-5e74d309\"><div class=\"vce-text-block\"><div class=\"vce-text-block-wrapper vce\" id=\"el-f42e40e0\" data-vce-do-apply=\"all el-f42e40e0\"><p><span style=\"color: #ff0000;\"><strong>Betrifft: Verunreinigung der Parcourswege durch Hundekot<\/strong><\/span><\/p><p>Liebe Hundebesitzer!<\/p><p>Aus gegebenem Anlass wollen wir euch daran erinnern, dass Hunde zwar am Parcours erlaubt sind, ABER es besteht Leinenpflicht und ihr als Hundebesitzer seid auch verpflichtet euch daran zu halten. Den Mist den eure Hunde auf den Wegen hinterlassen ist von EUCH umgehend zu beseitigen. Es kann nicht sein dass in letzter Zeit sich die Beschwerden \u00fcber Hundedreck am Parcours h\u00e4ufen und allen ist es egal. Sollte sich das in der n\u00e4chsten Zeit nicht radikal \u00e4ndern sehen wir uns als Vorstand des BSV Kremstal gezwungen, ein generelles Hundeverbot am Parcours auszusprechen. Wir glauben nicht, dass dies im Sinne der Hundebesitzer ist.<\/p><p>Deshalb unsere Bitte an die Hundebesitzer: kommt euren Pflichten nach damit ein gutes Miteinander weiterhin auf unserem Parcours m\u00f6glich ist und wir nicht zum letzten Mittel \u2013 Hundeverbot am Parcours - greifen m\u00fcssen.<\/p><\/div><\/div><\/div><\/div><\/div><\/div><\/div><\/div><div class=\"vce-row-container\" data-vce-boxed-width=\"true\"><div class=\"vce-row vce-row--col-gap-30 vce-row-equal-height vce-row-content--top\" id=\"el-e8871caf\" data-vce-do-apply=\"all el-e8871caf\"><div class=\"vce-content-background-container\"><\/div><div class=\"vce-row-content\" data-vce-element-content=\"true\"><div class=\"vce-col vce-col--md-35p vce-col--xs-1 vce-col--xs-last vce-col--xs-first vce-col--sm-last vce-col--sm-first vce-col--md-first vce-col--lg-first vce-col--xl-first\" id=\"el-95d9654c\"><div class=\"vce-col-inner\" data-vce-do-apply=\"border margin background  el-95d9654c\"><div class=\"vce-content-background-container\"><\/div><div class=\"vce-col-content\" data-vce-element-content=\"true\" data-vce-do-apply=\"padding el-95d9654c\"><div class=\"vce-text-block\"><div class=\"vce-text-block-wrapper vce\" id=\"el-7c358dab\" data-vce-do-apply=\"all el-7c358dab\"><h2 style=\"text-align: center;\"><span style=\"font-size: 12pt;\">Neues aus der Welt von AAA 3D<\/span><\/h2><h2><a href=\"https:\/\/aaa3d.at\/aaa-3d-news\/\" target=\"_blank\" rel=\"noopener\"><img loading=\"lazy\" decoding=\"async\" class=\"size-medium wp-image-125 aligncenter\" src=\"https:\/\/www.bsv-kremstal.at\/wp-content\/uploads\/2026\/02\/Logo-1-300x226.png\" alt=\"\" width=\"300\" height=\"226\"><\/a><\/h2><\/div><\/div><\/div><\/div><\/div><div class=\"vce-col vce-col--md-31p vce-col--xs-1 vce-col--xs-last vce-col--xs-first vce-col--sm-last vce-col--sm-first\" id=\"el-4361257f\"><div class=\"vce-col-inner\" data-vce-do-apply=\"border margin background  el-4361257f\"><div class=\"vce-content-background-container\"><\/div><div class=\"vce-col-content\" data-vce-element-content=\"true\" data-vce-do-apply=\"padding el-4361257f\"><div class=\"vce-text-block\"><div class=\"vce-text-block-wrapper vce\" id=\"el-126fbec0\" data-vce-do-apply=\"all el-126fbec0\"><h2 style=\"text-align: center;\"><span style=\"font-size: 12pt;\">\u00d6sterreichischer Bogensportverband<\/span><\/h2>\n<h2><a href=\"https:\/\/www.archeryaustria.net\/\" target=\"_blank\" rel=\"noopener\"><img loading=\"lazy\" decoding=\"async\" class=\"size-full wp-image-129 aligncenter\" src=\"https:\/\/www.bsv-kremstal.at\/wp-content\/uploads\/2026\/02\/bogensportverband.png\" alt=\"\" width=\"294\" height=\"165\"><\/a><\/h2><\/div><\/div><\/div><\/div><\/div><div class=\"vce-col vce-col--md-34p vce-col--xs-1 vce-col--xs-last vce-col--xs-first vce-col--sm-last vce-col--sm-first vce-col--md-last vce-col--lg-last vce-col--xl-last\" id=\"el-136a98a6\"><div class=\"vce-col-inner\" data-vce-do-apply=\"border margin background  el-136a98a6\"><div class=\"vce-content-background-container\"><\/div><div class=\"vce-col-content\" data-vce-element-content=\"true\" data-vce-do-apply=\"padding el-136a98a6\"><div class=\"vce-text-block\"><div class=\"vce-text-block-wrapper vce\" id=\"el-ee604f21\" data-vce-do-apply=\"all el-ee604f21\"><h2 style=\"text-align: center;\"><span style=\"font-size: 12pt;\">Wissenswertes<\/span><\/h2>\n<h2><a href=\"https:\/\/de.wikipedia.org\/wiki\/Bogenschie%C3%9Fen\" target=\"_blank\" rel=\"noopener\"><img loading=\"lazy\" decoding=\"async\" class=\"size-full wp-image-132 aligncenter\" src=\"https:\/\/www.bsv-kremstal.at\/wp-content\/uploads\/2026\/02\/Wissen.jpg\" alt=\"\" width=\"225\" height=\"225\" srcset=\"https:\/\/www.bsv-kremstal.at\/wp-content\/uploads\/2026\/02\/Wissen.jpg 225w, https:\/\/www.bsv-kremstal.at\/wp-content\/uploads\/2026\/02\/Wissen-150x150.jpg 150w\" sizes=\"auto, (max-width: 225px) 100vw, 225px\" \/><\/a><\/h2><\/div><\/div><\/div><\/div><\/div><\/div><\/div><\/div><div class=\"vce-row-container\" data-vce-boxed-width=\"true\"><div class=\"vce-row vce-row--col-gap-30 vce-row-equal-height vce-row-content--top\" id=\"el-15ed981c\" data-vce-do-apply=\"all el-15ed981c\"><div class=\"vce-row-content\" data-vce-element-content=\"true\"><div class=\"vce-col vce-col--md-auto vce-col--xs-1 vce-col--xs-last vce-col--xs-first vce-col--sm-last vce-col--sm-first vce-col--md-last vce-col--lg-last vce-col--xl-last vce-col--md-first vce-col--lg-first vce-col--xl-first\" id=\"el-894011ed\"><div class=\"vce-col-inner\" data-vce-do-apply=\"border margin background  el-894011ed\"><div class=\"vce-col-content\" data-vce-element-content=\"true\" data-vce-do-apply=\"padding el-894011ed\"><div class=\"vce-google-maps vce-google-maps--align-left\"><div class=\"vce-google-maps-wrapper vce vce-google-maps-proportional\" id=\"el-9c029241\" data-vce-do-apply=\"all el-9c029241\" style=\"width: 600px; height: auto;\"><div class=\"vce-google-maps-inner\" style=\"padding-bottom: 75%;\"><iframe src=\"https:\/\/www.google.com\/maps\/embed?pb=!1m18!1m12!1m3!1d2670.6511033210563!2d14.158573999999998!3d47.9818029!2m3!1f0!2f0!3f0!3m2!1i1024!2i768!4f13.1!3m3!1m2!1s0x4773e78d6b807b99%3A0x896bf7f9b3ab06c3!2sBogensportzentrum%20Nu%C3%9Fbach%2C%20BOGENSHOP%20KREMSTAL%20%2F%20BSV-Kremstal%2C%20Shop%20andere%20%C3%96ffnungsz.!5e0!3m2!1sde!2sat!4v1770662268320!5m2!1sde!2sat\" width=\"600\" height=\"450\" style=\"border: 0px; pointer-events: none; width: 597px; height: 447.75px;\" allowfullscreen=\"\" loading=\"lazy\" referrerpolicy=\"no-referrer-when-downgrade\" data-origwidth=\"600\" data-origheight=\"450\"><\/iframe><\/div><\/div><\/div><\/div><\/div><\/div><\/div><\/div><\/div>\n","protected":false},"excerpt":{"rendered":"<p>WichtigesACHTUNG PARCOURSSPERRE am OSTERMONTAG, 06.04.2026 auf Grund unseres schon traditionellen Ostereiturnieres. Wir freuen uns auf alle Teilnehmer.Parcoursarbeiten vorzeitig beendet und wieder f\u00fcr Jedermann\/Frau begehbarACHTUNG PARCOURSSPERREDer &hellip; <\/p>\n","protected":false},"author":1,"featured_media":0,"parent":0,"menu_order":0,"comment_status":"closed","ping_status":"closed","template":"","meta":{"footnotes":""},"class_list":["post-83","page","type-page","status-publish","hentry"],"_links":{"self":[{"href":"https:\/\/www.bsv-kremstal.at\/index.php?rest_route=\/wp\/v2\/pages\/83","targetHints":{"allow":["GET"]}}],"collection":[{"href":"https:\/\/www.bsv-kremstal.at\/index.php?rest_route=\/wp\/v2\/pages"}],"about":[{"href":"https:\/\/www.bsv-kremstal.at\/index.php?rest_route=\/wp\/v2\/types\/page"}],"author":[{"embeddable":true,"href":"https:\/\/www.bsv-kremstal.at\/index.php?rest_route=\/wp\/v2\/users\/1"}],"replies":[{"embeddable":true,"href":"https:\/\/www.bsv-kremstal.at\/index.php?rest_route=%2Fwp%2Fv2%2Fcomments&post=83"}],"version-history":[{"count":48,"href":"https:\/\/www.bsv-kremstal.at\/index.php?rest_route=\/wp\/v2\/pages\/83\/revisions"}],"predecessor-version":[{"id":292,"href":"https:\/\/www.bsv-kremstal.at\/index.php?rest_route=\/wp\/v2\/pages\/83\/revisions\/292"}],"wp:attachment":[{"href":"https:\/\/www.bsv-kremstal.at\/index.php?rest_route=%2Fwp%2Fv2%2Fmedia&parent=83"}],"curies":[{"name":"wp","href":"https:\/\/api.w.org\/{rel}","templated":true}]}}