{"id":3,"date":"2026-02-05T10:40:27","date_gmt":"2026-02-05T09:40:27","guid":{"rendered":"https:\/\/www.bsv-kremstal.at\/?page_id=3"},"modified":"2026-02-05T17:51:23","modified_gmt":"2026-02-05T16:51:23","slug":"datenschutzerklaerung","status":"publish","type":"page","link":"https:\/\/www.bsv-kremstal.at\/?page_id=3","title":{"rendered":"Datenschutzerkl\u00e4rung"},"content":{"rendered":"<div class=\"vce-row-container\" data-vce-boxed-width=\"true\"><div class=\"vce-row vce-row--col-gap-30 vce-row-equal-height vce-row-content--top\" id=\"el-0b2bad4a\" data-vce-do-apply=\"all el-0b2bad4a\"><div class=\"vce-row-content\" data-vce-element-content=\"true\"><div class=\"vce-col vce-col--md-auto vce-col--xs-1 vce-col--xs-last vce-col--xs-first vce-col--sm-last vce-col--sm-first vce-col--md-last vce-col--lg-last vce-col--xl-last vce-col--md-first vce-col--lg-first vce-col--xl-first\" id=\"el-4067d2a2\"><div class=\"vce-col-inner\" data-vce-do-apply=\"border margin background  el-4067d2a2\"><div class=\"vce-col-content\" data-vce-element-content=\"true\" data-vce-do-apply=\"padding el-4067d2a2\"><div class=\"vce-text-block\"><div class=\"vce-text-block-wrapper vce\" id=\"el-36ea59af\" data-vce-do-apply=\"all el-36ea59af\">\n<h6 class=\"wp-block-heading has-large-font-size\"><span style=\"font-size: 16pt;\"><strong>In folgender Datenschutzerkl\u00e4rung informieren wir Sie \u00fcber die wichtigsten Aspekte der Datenverarbeitung im Rahmen unserer Webseite. Wir erheben und verarbeiten personenbezogene Daten nur auf Grundlage der gesetzlichen Bestimmungen (Datenschutzgrundverordnung, Telekommunikationsgesetz 2003).&nbsp;Sobald Sie als Benutzer auf unsere Webseite zugreifen oder diese besuchen wird Ihre IP-Adresse, Beginn sowie Beginn und Ende der Sitzung erfasst. Dies ist technisch bedingt und stellt somit ein berechtigtes Interesse iSv Art 6 Abs 1 lit f DSGVO.<\/strong><\/span><\/h6>\n\n<p><strong>Kontakt mit uns<\/strong><\/p>\n\n<p><strong>Wenn Sie uns, entweder \u00fcber unser Kontaktformular auf unserer Webseite, oder per Email kontaktieren, dann werden die von Ihnen an uns \u00fcbermittelten Daten zwecks Bearbeitung Ihrer Anfrage oder f\u00fcr den Fall von weiteren Anschlussfragen f\u00fcr sechs Monate bei uns gespeichert. Es erfolgt, ohne Ihre Einwilligung, keine Weitergabe Ihrer \u00fcbermittelten Daten.<\/strong><\/p>\n\n<p><strong>Registrierinformationen<\/strong><\/p>\n\n<p><strong>Wenn Sie sich f\u00fcr Mitgliedschaften, Wettk\u00e4mpfe oder Veranstaltungen registrieren, k\u00f6nnen wir pers\u00f6nliche Informationen wie Ihren Namen, Ihre Adresse, Ihre E-Mail-Adresse, Telefonnummer und Mitgliedschaftsinformationen sammeln.<\/strong><\/p>\n\n<p><strong>Zahlungsinformationen<\/strong><\/p>\n\n<p><strong>Bei Zahlungen f\u00fcr Mitgliedschaften, Lizenzen oder Veranstaltungen k\u00f6nnen wir Zahlungsinformationen wie Kreditkartennummern oder andere Zahlungsdetails erfassen. Bitte beachten Sie, dass wir keine sensiblen Zahlungsinformationen speichern, sondern \u00fcber sichere Zahlungsdienstleister verarbeiten.<\/strong><\/p>\n\n<p><strong>Kommunikation<\/strong><\/p>\n\n<p><strong>Wenn Sie mit uns kommunizieren, k\u00f6nnen wir Ihre Korrespondenz aufzeichnen.<\/strong><\/p>\n\n<p><strong>Nutzungsdaten<\/strong><\/p>\n\n<p><strong>Wenn Sie unsere Website besuchen, k\u00f6nnen wir Daten zu Ihrer Nutzung der Website erfassen, einschlie\u00dflich Ihrer IP-Adresse, Browsertyp, Betriebssystem, besuchter Seiten und der Zeit, die Sie auf der Website verbracht haben.<\/strong><\/p>\n\n<p><strong>Wie wir Ihre pers\u00f6nlichen Daten verwenden<\/strong><\/p>\n\n<p><strong>Mitgliedschaftsverwaltung<\/strong><\/p>\n\n<p><strong>Wir verwenden Ihre Daten zur Verwaltung Ihrer Mitgliedschaft, einschlie\u00dflich der Kommunikation bez\u00fcglich Mitgliedschaftsleistungen und -aktualisierungen.<\/strong><\/p>\n\n<p><strong>Veranstaltungen und Wettk\u00e4mpfe<\/strong><\/p>\n\n<p><strong>Ihre Informationen werden f\u00fcr die Organisation von Veranstaltungen, Wettbewerben und Turnieren verwendet, einschlie\u00dflich Registrierung, Ergebnisver\u00f6ffentlichung und Veranstaltungskommunikation.<\/strong><\/p>\n\n<p><strong>Kommunikation<\/strong><\/p>\n\n<p><strong>Wir k\u00f6nnen Ihre Kontaktdaten verwenden, um Ihnen relevante Informationen \u00fcber Veranstaltungen, Neuigkeiten und Aktualisierungen zu senden. Sie haben jederzeit die M\u00f6glichkeit, sich von diesen Mitteilungen abzumelden.<\/strong><\/p>\n\n<p><strong>Cookies<\/strong><\/p>\n\n<p><strong>Unsere Website verwendet so genannte Cookies. Dabei handelt es sich um kleine Textdateien, die mit Hilfe des Browsers auf Ihrem Endger\u00e4t abgelegt werden. Sie richten keinen Schaden an. Wir nutzen Cookies dazu, unser Angebot nutzerfreundlich zu gestalten. Einige Cookies bleiben auf Ihrem Endger\u00e4t gespeichert, bis Sie diese l\u00f6schen. Sie erm\u00f6glichen es uns, Ihren Browser beim n\u00e4chsten Besuch wiederzuerkennen. Wenn Sie dies nicht w\u00fcnschen, so k\u00f6nnen Sie Ihren Browser so einrichten, dass er Sie \u00fcber das Setzen von Cookies informiert und Sie dies nur im Einzelfall erlauben. Bei der Deaktivierung von Cookies kann die Funktionalit\u00e4t unserer Website eingeschr\u00e4nkt sein.<\/strong><\/p>\n\n<p><strong>Server-Log Files<\/strong><\/p>\n\n<p><strong>Diese Webseite und der damit verbundene Provider erhebt im Zuge der Webseitennutzung automatisch Informationen im Rahmen sogenannter \u201eServer-Log Files\u201c. Dies betrifft insbesondere:&nbsp;<\/strong><\/p>\n\n<ul class=\"wp-block-list\">\n<li><strong>IP-Adresse oder Hostname&nbsp;<\/strong><\/li>\n\n<li><strong>den verwendeten Browser&nbsp;<\/strong><\/li>\n\n<li><strong>Aufenthaltsdauer auf der Webseite sowie Datum und Uhrzeit&nbsp;<\/strong><\/li>\n\n<li><strong>aufgerufene Seiten der Webseite&nbsp;<\/strong><\/li>\n\n<li><strong>Spracheinstellungen und Betriebssystem&nbsp;<\/strong><\/li>\n\n<li><strong>\u201eLeaving-Page\u201c (auf welcher URL hat der Benutzer die Webseite verlassen)&nbsp;<\/strong><\/li>\n\n<li><strong>ISP (Internet Service Provider)&nbsp;<\/strong><\/li>\n<\/ul>\n\n<p><strong>Diese erhobenen Informationen werden nicht personenbezogen verarbeitet oder mit personenbezogenen Daten in Verbindung gebracht.&nbsp;Der Webseitenbetreiber beh\u00e4lt es sich vor, im Falle von Bekanntwerden rechtswidriger T\u00e4tigkeiten, diese Daten auszuwerten oder zu \u00fcberpr\u00fcfen.<\/strong><\/p>\n\n<p><strong>Newsletter<\/strong><\/p>\n\n<p><strong>Es besteht zur Zeit keine M\u00f6glichkeit bei uns einen Newsletter zu beziehen.<\/strong><\/p>\n\n<p><strong>Ihre Rechte als Betroffener<\/strong><\/p>\n\n<p><strong>Sie als Betroffener haben bez\u00fcglich Ihrer Daten, welche bei uns gespeichert sind grunds\u00e4tzlich ein Recht auf:<\/strong><\/p>\n\n<ul class=\"wp-block-list\">\n<li><strong>Auskunft<\/strong><\/li>\n\n<li><strong>L\u00f6schung der Daten<\/strong><\/li>\n\n<li><strong>Berichtigung der Daten<\/strong><\/li>\n\n<li><strong>\u00dcbertragbarkeit der Daten<\/strong><\/li>\n\n<li><strong>Wiederruf und Widerspruch zur Datenverarbeitung<\/strong><\/li>\n\n<li><strong>Einschr\u00e4nkung<\/strong><\/li>\n<\/ul>\n\n<p><strong>Wenn sie vermuten, dass im Zuge der Verarbeitung Ihrer Daten Verst\u00f6\u00dfe gegen das Datenschutzrecht passiert sind, so haben Sie die M\u00f6glichkeit sich bei uns (office@montekuh.at) oder der Datenschutzbeh\u00f6rde zu beschweren.<\/strong><\/p>\n\n<p><strong>Auskunftsrecht<\/strong><\/p>\n\n<p><strong>Sie haben jederzeit das Recht auf Auskunft \u00fcber die bez\u00fcglich Ihrer Person gespeicherten Daten, deren Herkunft und Empf\u00e4nger sowie den Zweck der Speicherung.<\/strong><\/p>\n\n<p><strong>Sie erreichen uns unter folgenden Kontaktdaten<\/strong><\/p>\n\n<p><strong>BSV Kremstal Peter Dutzler, Obmann 4542 Nu\u00dfbach, G\u00f6ritz 42<\/strong><\/p>\n\n<p><strong>www.bsv-kremstal.a<\/strong><a href=\"http:\/\/www.aaa3d.at\"><strong>t<\/strong><\/a><strong> | office@bsv-kremstal.at | +43 66488430017<\/strong><\/p>\n\n<p><strong>Quelle (u.a.)<\/strong><\/p>\n\n<p><strong>fairesRecht.at&nbsp;in Kooperation mit&nbsp;Geld zur\u00fcck fordern Online Gl\u00fccksspiel<\/strong><\/p>\n\n<p><strong>(fairesspiel.at)<\/strong><\/p>\n\n<p>&nbsp;<\/p>\n\n<p>&nbsp;<\/p>\n\n<p>&nbsp;<\/p>\n<\/div><\/div><\/div><\/div><\/div><\/div><\/div><\/div>","protected":false},"excerpt":{"rendered":"<p>In folgender Datenschutzerkl\u00e4rung informieren wir Sie \u00fcber die wichtigsten Aspekte der Datenverarbeitung im Rahmen unserer Webseite. Wir erheben und verarbeiten personenbezogene Daten nur auf Grundlage &hellip; <\/p>\n","protected":false},"author":1,"featured_media":0,"parent":0,"menu_order":0,"comment_status":"closed","ping_status":"open","template":"","meta":{"footnotes":""},"class_list":["post-3","page","type-page","status-publish","hentry"],"_links":{"self":[{"href":"https:\/\/www.bsv-kremstal.at\/index.php?rest_route=\/wp\/v2\/pages\/3","targetHints":{"allow":["GET"]}}],"collection":[{"href":"https:\/\/www.bsv-kremstal.at\/index.php?rest_route=\/wp\/v2\/pages"}],"about":[{"href":"https:\/\/www.bsv-kremstal.at\/index.php?rest_route=\/wp\/v2\/types\/page"}],"author":[{"embeddable":true,"href":"https:\/\/www.bsv-kremstal.at\/index.php?rest_route=\/wp\/v2\/users\/1"}],"replies":[{"embeddable":true,"href":"https:\/\/www.bsv-kremstal.at\/index.php?rest_route=%2Fwp%2Fv2%2Fcomments&post=3"}],"version-history":[{"count":2,"href":"https:\/\/www.bsv-kremstal.at\/index.php?rest_route=\/wp\/v2\/pages\/3\/revisions"}],"predecessor-version":[{"id":98,"href":"https:\/\/www.bsv-kremstal.at\/index.php?rest_route=\/wp\/v2\/pages\/3\/revisions\/98"}],"wp:attachment":[{"href":"https:\/\/www.bsv-kremstal.at\/index.php?rest_route=%2Fwp%2Fv2%2Fmedia&parent=3"}],"curies":[{"name":"wp","href":"https:\/\/api.w.org\/{rel}","templated":true}]}}