{"id":216,"date":"2026-02-06T13:16:34","date_gmt":"2026-02-06T12:16:34","guid":{"rendered":"https:\/\/www.bsv-kremstal.at\/?page_id=216"},"modified":"2026-02-06T13:41:34","modified_gmt":"2026-02-06T12:41:34","slug":"automatisch-gespeicherter-entwurf-2","status":"publish","type":"page","link":"https:\/\/www.bsv-kremstal.at\/?page_id=216","title":{"rendered":""},"content":{"rendered":"<div class=\"vce-row-container\" data-vce-boxed-width=\"true\"><div class=\"vce-row vce-row--col-gap-30 vce-row-equal-height vce-row-content--top\" id=\"el-f27875d7\" data-vce-do-apply=\"all el-f27875d7\"><div class=\"vce-row-content\" data-vce-element-content=\"true\"><div class=\"vce-col vce-col--md-auto vce-col--xs-1 vce-col--xs-last vce-col--xs-first vce-col--sm-last vce-col--sm-first vce-col--md-first vce-col--lg-first vce-col--xl-first\" id=\"el-e909baed\"><div class=\"vce-col-inner\" data-vce-do-apply=\"border margin background  el-e909baed\"><div class=\"vce-content-background-container\"><\/div><div class=\"vce-col-content\" data-vce-element-content=\"true\" data-vce-do-apply=\"padding el-e909baed\"><div class=\"vce-text-block\"><div class=\"vce-text-block-wrapper vce\" id=\"el-79deb8e1\" data-vce-do-apply=\"all el-79deb8e1\"><h3 style=\"text-align: center;\">Hier erf\u00e4hrt ihr immer das neueste aus der Welt der Austrian 3-D Archery Associaton<\/h3><p><img loading=\"lazy\" decoding=\"async\" class=\"wp-image-125 size-medium aligncenter\" src=\"https:\/\/www.bsv-kremstal.at\/wp-content\/uploads\/2026\/02\/Logo-1-300x226.png\" alt=\"\" width=\"300\" height=\"226\"><\/p><\/div><\/div><\/div><\/div><\/div><div class=\"vce-col vce-col--md-auto vce-col--xs-1 vce-col--xs-last vce-col--xs-first vce-col--sm-last vce-col--sm-first\" id=\"el-2c245fef\"><div class=\"vce-col-inner\" data-vce-do-apply=\"border margin background  el-2c245fef\"><div class=\"vce-content-background-container\"><\/div><div class=\"vce-col-content\" data-vce-element-content=\"true\" data-vce-do-apply=\"padding el-2c245fef\"><div class=\"vce-text-block\"><div class=\"vce-text-block-wrapper vce\" id=\"el-96bc9fa9\" data-vce-do-apply=\"all el-96bc9fa9\"><h6 style=\"text-align: left;\"><span style=\"font-size: 16pt;\">Seit September 2024 ist der BSV Kremstal auch Mitglied der AAA-3D<\/span><\/h6>\n<h6 style=\"text-align: left;\"><span style=\"font-size: 12pt;\">Was bedeutet das f\u00fcr unseren Verein? Es ist uns nun m\u00f6glich, AAA Cup Turniere zu veranstalten und so noch ein breiteres Spektrum an Turnieren unseren Mitgliedern zu erm\u00f6glichen. Bei diesen Turnieren wird der Parcours jagdlich gestellt, Entfernung : Blauer Pflock max. 27m, Roter Pflock max. 45m. Auch f\u00fcr euch Interessant: Bei diesen Turnieren sind auch Armbrustsch\u00fctzen zugelassen. Die Regeln f\u00fcr diese Bewerbe findet ihr hier: <span style=\"color: #ff0000;\"><a style=\"color: #ff0000;\" href=\"https:\/\/www.bsv-kremstal.at\/wp-content\/uploads\/2026\/02\/Regeln_AAA_20251130.pdf\" target=\"_blank\" rel=\"noopener\">Regeln<\/a><\/span>&nbsp; Bei Fragen dazu k\u00f6nnt ihr euch jederzeit an Hape Margesin wenden. Die daf\u00fcr notwendigen Lizenzen k\u00f6nnen bei der AAA beantragt werden. In unserem Fall \u00fcbernimmt dies Hape Margesin. Wenn ihr also so eine Lizenz ben\u00f6tigt wendet euch bitte an ihn. Diese Lizenzen werden im Voraus von unserem Verein bezahlt.<\/span><\/h6><\/div><\/div><\/div><\/div><\/div><div class=\"vce-col vce-col--md-auto vce-col--xs-1 vce-col--xs-last vce-col--xs-first vce-col--sm-last vce-col--sm-first\" id=\"el-bde8b9fb\"><div class=\"vce-col-inner\" data-vce-do-apply=\"border margin background  el-bde8b9fb\"><div class=\"vce-content-background-container\"><\/div><div class=\"vce-col-content\" data-vce-element-content=\"true\" data-vce-do-apply=\"padding el-bde8b9fb\"><div class=\"vce-text-block\"><div class=\"vce-text-block-wrapper vce\" id=\"el-86d6c118\" data-vce-do-apply=\"all el-86d6c118\"><h6 style=\"text-align: center;\"><span style=\"font-size: 16pt;\">Ansprechpartner in allen F\u00e4llen die die AAA betreffen ist unser Vize Obmann Hans Peter (Hape) Margesin<\/span><\/h6>\n<h6 style=\"text-align: center;\"><span style=\"font-size: 12pt;\">Wir werden euch stets am laufenden halten was sich in diesem Bereich so abspielt . Gerne k\u00f6nnt (und sollt ihr auch) die<span style=\"color: #ff0000;\">&nbsp;<a style=\"color: #ff0000;\" href=\"https:\/\/aaa3d.at\/\" target=\"_blank\" rel=\"noopener\">Website der AAA<\/a><\/span>&nbsp;besuchen um einen tieferen Einblick in das Geschehen zu bekommen.<\/span><\/h6>\n<h6 style=\"text-align: center;\"><span style=\"font-size: 12pt;\">Vorab schon mal eine Info: Am 26. September 2026 findet auf unserer Anlage das 2. Kremstaler AAA-Cup Turnier statt. Auschreibung und Infos dazu werden zeitgerecht rausgegeben.<\/span><\/h6>\n<h6 style=\"text-align: center;\"><span style=\"font-size: 12pt;\">Um auch s\u00e4mtliche Spekulationen zu unterbinden: Armbrustsch\u00fctzen sind auf unserem Parcours nur beim AAA-Cup Turnier zugelassen.&nbsp;Das Armbrustverbot auf unserem Parcours bleibt somit weiterhin aufrecht.<\/span><\/h6><\/div><\/div><\/div><\/div><\/div><div class=\"vce-col vce-col--md-auto vce-col--xs-1 vce-col--xs-last vce-col--xs-first vce-col--sm-last vce-col--sm-first vce-col--md-last vce-col--lg-last vce-col--xl-last\" id=\"el-ad02d438\"><div class=\"vce-col-inner\" data-vce-do-apply=\"border margin background  el-ad02d438\"><div class=\"vce-content-background-container\"><\/div><div class=\"vce-col-content\" data-vce-element-content=\"true\" data-vce-do-apply=\"padding el-ad02d438\"><div class=\"vce-text-block\"><div class=\"vce-text-block-wrapper vce\" id=\"el-433448ee\" data-vce-do-apply=\"all el-433448ee\"><h6 style=\"text-align: right;\"><span style=\"font-size: 16pt;\">Neue Vereine in der AAA<\/span><br><br><span style=\"font-size: 12pt;\">TBS Artemis Liezen-Planneralm<\/span><br><span style=\"font-size: 12pt;\">BSV Takern II Die Highlander<\/span><br><span style=\"font-size: 12pt;\">FC St. Ulrich in Greith<\/span><br><span style=\"font-size: 12pt;\">BSC Rothberg<\/span><br><span style=\"font-size: 12pt;\">BSV Nickelsdorf Hoadlsch\u00fctzen<\/span><br><span style=\"font-size: 12pt;\">SV Champion Club<\/span><br><span style=\"font-size: 12pt;\">BSC Arcus - Guntramsdorf<\/span><br><br><span style=\"font-size: 12pt;\">Herzlich Willkommen auch vom BSV Kremstal!<\/span><\/h6><\/div><\/div><\/div><\/div><\/div><\/div><\/div><\/div>\n","protected":false},"excerpt":{"rendered":"<p>Hier erf\u00e4hrt ihr immer das neueste aus der Welt der Austrian 3-D Archery AssociatonSeit September 2024 ist der BSV Kremstal auch Mitglied der AAA-3D Was &hellip; <\/p>\n","protected":false},"author":1,"featured_media":0,"parent":0,"menu_order":0,"comment_status":"closed","ping_status":"closed","template":"","meta":{"footnotes":""},"class_list":["post-216","page","type-page","status-publish","hentry"],"_links":{"self":[{"href":"https:\/\/www.bsv-kremstal.at\/index.php?rest_route=\/wp\/v2\/pages\/216","targetHints":{"allow":["GET"]}}],"collection":[{"href":"https:\/\/www.bsv-kremstal.at\/index.php?rest_route=\/wp\/v2\/pages"}],"about":[{"href":"https:\/\/www.bsv-kremstal.at\/index.php?rest_route=\/wp\/v2\/types\/page"}],"author":[{"embeddable":true,"href":"https:\/\/www.bsv-kremstal.at\/index.php?rest_route=\/wp\/v2\/users\/1"}],"replies":[{"embeddable":true,"href":"https:\/\/www.bsv-kremstal.at\/index.php?rest_route=%2Fwp%2Fv2%2Fcomments&post=216"}],"version-history":[{"count":10,"href":"https:\/\/www.bsv-kremstal.at\/index.php?rest_route=\/wp\/v2\/pages\/216\/revisions"}],"predecessor-version":[{"id":228,"href":"https:\/\/www.bsv-kremstal.at\/index.php?rest_route=\/wp\/v2\/pages\/216\/revisions\/228"}],"wp:attachment":[{"href":"https:\/\/www.bsv-kremstal.at\/index.php?rest_route=%2Fwp%2Fv2%2Fmedia&parent=216"}],"curies":[{"name":"wp","href":"https:\/\/api.w.org\/{rel}","templated":true}]}}