{"id":140,"date":"2026-02-06T09:45:21","date_gmt":"2026-02-06T08:45:21","guid":{"rendered":"https:\/\/www.bsv-kremstal.at\/?page_id=140"},"modified":"2026-02-20T10:35:46","modified_gmt":"2026-02-20T09:35:46","slug":"automatisch-gespeicherter-entwurf","status":"publish","type":"page","link":"https:\/\/www.bsv-kremstal.at\/?page_id=140","title":{"rendered":""},"content":{"rendered":"<div class=\"vce-row-container\" data-vce-boxed-width=\"true\"><div class=\"vce-row vce-row--col-gap-30 vce-row-equal-height vce-row-content--top\" id=\"el-2c60cc93\" data-vce-do-apply=\"all el-2c60cc93\"><div class=\"vce-row-content\" data-vce-element-content=\"true\"><div class=\"vce-col vce-col--md-auto vce-col--xs-1 vce-col--xs-last vce-col--xs-first vce-col--sm-last vce-col--sm-first vce-col--md-last vce-col--lg-last vce-col--xl-last vce-col--md-first vce-col--lg-first vce-col--xl-first\" id=\"el-7193a894\"><div class=\"vce-col-inner\" data-vce-do-apply=\"border margin background  el-7193a894\"><div class=\"vce-col-content\" data-vce-element-content=\"true\" data-vce-do-apply=\"padding el-7193a894\"><div class=\"vce-text-block\"><div class=\"vce-text-block-wrapper vce\" id=\"el-76b1a097\" data-vce-do-apply=\"all el-76b1a097\"><h6 style=\"text-align: center;\"><span style=\"font-size: 12pt;\">Unser Verein \u201eBSV Kremstal\u201c wurde im November 2009 gegr\u00fcndet. Er entstand aus dem ehemaligen Jagdbogenclub Voralpenland. Der Verein dient dem Zweck, den Bogensport einem breiten Publikum zug\u00e4nglich zu machen und interessierte Sch\u00fctzen zu f\u00f6rdern. Der Verein ist Mitglied des \u00d6sterreichischen und des Ober\u00f6sterreichischen Bogensportverbandes und der Archery Austria 3-D Associaton. Kameradschaft, Freundschaft und Zusammenhalt werden in diesem Verein gro\u00dfgeschrieben. Gemeinsame Aktivit\u00e4ten (Turnierbesuche, Vereinsausfl\u00fcge, regelm\u00e4\u00dfiges Training) sind ein wesentlicher Bestandteil des Vereinsgeschehens.<\/span><\/h6><h6 style=\"text-align: center;\"><span style=\"font-size: 12pt;\">Neugierig geworden? Dann komm doch einfach vorbei.<\/span><\/h6><\/div><\/div><\/div><\/div><\/div><\/div><\/div><\/div><div class=\"vce-row-container\" data-vce-boxed-width=\"true\"><div class=\"vce-row vce-row--col-gap-30 vce-row-equal-height vce-row-content--top\" id=\"el-1d2c0599\" data-vce-do-apply=\"all el-1d2c0599\"><div class=\"vce-content-background-container\"><\/div><div class=\"vce-row-content\" data-vce-element-content=\"true\"><div class=\"vce-col vce-col--md-auto vce-col--xs-1 vce-col--xs-last vce-col--xs-first vce-col--sm-last vce-col--sm-first vce-col--md-last vce-col--lg-last vce-col--xl-last vce-col--md-first vce-col--lg-first vce-col--xl-first\" id=\"el-047845be\"><div class=\"vce-col-inner\" data-vce-do-apply=\"border margin background  el-047845be\"><div class=\"vce-content-background-container\"><\/div><div class=\"vce-col-content\" data-vce-element-content=\"true\" data-vce-do-apply=\"padding el-047845be\"><div class=\"vce-text-block\"><div class=\"vce-text-block-wrapper vce\" id=\"el-c53ff4f0\" data-vce-do-apply=\"all el-c53ff4f0\"><p><img loading=\"lazy\" decoding=\"async\" class=\"aligncenter wp-image-145 size-full\" src=\"https:\/\/www.bsv-kremstal.at\/wp-content\/uploads\/2026\/02\/cropped-slideneu.jpg\" alt=\"\" width=\"1920\" height=\"513\" data-wp-editing=\"1\" srcset=\"https:\/\/www.bsv-kremstal.at\/wp-content\/uploads\/2026\/02\/cropped-slideneu.jpg 1920w, https:\/\/www.bsv-kremstal.at\/wp-content\/uploads\/2026\/02\/cropped-slideneu-300x80.jpg 300w, https:\/\/www.bsv-kremstal.at\/wp-content\/uploads\/2026\/02\/cropped-slideneu-1024x274.jpg 1024w, https:\/\/www.bsv-kremstal.at\/wp-content\/uploads\/2026\/02\/cropped-slideneu-768x205.jpg 768w, https:\/\/www.bsv-kremstal.at\/wp-content\/uploads\/2026\/02\/cropped-slideneu-1536x410.jpg 1536w, https:\/\/www.bsv-kremstal.at\/wp-content\/uploads\/2026\/02\/cropped-slideneu-320x86.jpg 320w, https:\/\/www.bsv-kremstal.at\/wp-content\/uploads\/2026\/02\/cropped-slideneu-480x128.jpg 480w, https:\/\/www.bsv-kremstal.at\/wp-content\/uploads\/2026\/02\/cropped-slideneu-800x214.jpg 800w\" sizes=\"auto, (max-width: 1920px) 100vw, 1920px\" \/><\/p><\/div><\/div><\/div><\/div><\/div><\/div><\/div><\/div>\n","protected":false},"excerpt":{"rendered":"<p>Unser Verein \u201eBSV Kremstal\u201c wurde im November 2009 gegr\u00fcndet. Er entstand aus dem ehemaligen Jagdbogenclub Voralpenland. Der Verein dient dem Zweck, den Bogensport einem breiten &hellip; <\/p>\n","protected":false},"author":1,"featured_media":0,"parent":0,"menu_order":0,"comment_status":"closed","ping_status":"closed","template":"","meta":{"footnotes":""},"class_list":["post-140","page","type-page","status-publish","hentry"],"_links":{"self":[{"href":"https:\/\/www.bsv-kremstal.at\/index.php?rest_route=\/wp\/v2\/pages\/140","targetHints":{"allow":["GET"]}}],"collection":[{"href":"https:\/\/www.bsv-kremstal.at\/index.php?rest_route=\/wp\/v2\/pages"}],"about":[{"href":"https:\/\/www.bsv-kremstal.at\/index.php?rest_route=\/wp\/v2\/types\/page"}],"author":[{"embeddable":true,"href":"https:\/\/www.bsv-kremstal.at\/index.php?rest_route=\/wp\/v2\/users\/1"}],"replies":[{"embeddable":true,"href":"https:\/\/www.bsv-kremstal.at\/index.php?rest_route=%2Fwp%2Fv2%2Fcomments&post=140"}],"version-history":[{"count":11,"href":"https:\/\/www.bsv-kremstal.at\/index.php?rest_route=\/wp\/v2\/pages\/140\/revisions"}],"predecessor-version":[{"id":271,"href":"https:\/\/www.bsv-kremstal.at\/index.php?rest_route=\/wp\/v2\/pages\/140\/revisions\/271"}],"wp:attachment":[{"href":"https:\/\/www.bsv-kremstal.at\/index.php?rest_route=%2Fwp%2Fv2%2Fmedia&parent=140"}],"curies":[{"name":"wp","href":"https:\/\/api.w.org\/{rel}","templated":true}]}}